{"id":102,"date":"2013-01-04T20:58:44","date_gmt":"2013-01-04T19:58:44","guid":{"rendered":"http:\/\/www.e-cartable.fr\/vasa-lecture\/?page_id=102"},"modified":"2013-09-29T13:40:29","modified_gmt":"2013-09-29T12:40:29","slug":"naissance-du-club-lecture","status":"publish","type":"page","link":"http:\/\/www.e-cartable.fr\/vasa-lecture\/naissance-du-club-lecture\/","title":{"rendered":"Naissance du club lecture"},"content":{"rendered":"<p>Lors d&rsquo;un conseil d&rsquo;administration, l&rsquo;association VASA : Vivre \u00e0 S\u00e8vres-Anxaumont dont je suis membre depuis 1978, a valid\u00e9 le principe d&rsquo;une nouvelle activit\u00e9 autour du livre et de la lecture. Bernadette Parent en sera l&rsquo;animatrice. Elle nous adresse ce premier message :<\/p>\n<blockquote>\n<p>Le lundi 1er d\u00e9cembre 2008 \u00e0 20h30, \u00e0 la petite salle annexe de la biblioth\u00e8que, aura lieu la premi\u00e8re rencontre lecture. Pour ce premier soir, chacun apporte un livre qu&rsquo;il a aim\u00e9 pour en parler avec les autres.<\/p>\n<p>Le but est de cr\u00e9er un temps de partage et d&rsquo;\u00e9changes. Nous d\u00e9finirons ensemble le contenu des prochaines soir\u00e9es et le rythme de nos rencontres. En attendant ces bons moments \u00e0 venir, amicalement.<\/p>\n<p>Bonne lecture \u00e0 tous.<\/p>\n<p>&nbsp;<\/p>\n<\/blockquote>\n<p><img decoding=\"async\" loading=\"lazy\" class=\"aligncenter size-full wp-image-71\" alt=\"Farandole de livres, \u00e0 la PoZ\" src=\"http:\/\/www.e-cartable.fr\/vasa-lecture\/wp-content\/uploads\/2013\/01\/banderolle-livres.png\" width=\"300\" height=\"62\" \/><\/p>\n","protected":false},"excerpt":{"rendered":"<p>Lors d&rsquo;un conseil d&rsquo;administration, l&rsquo;association VASA : Vivre \u00e0 S\u00e8vres-Anxaumont dont.<\/p>\n","protected":false},"author":2,"featured_media":0,"parent":0,"menu_order":0,"comment_status":"open","ping_status":"open","template":"","meta":{"footnotes":""},"_links":{"self":[{"href":"http:\/\/www.e-cartable.fr\/vasa-lecture\/wp-json\/wp\/v2\/pages\/102"}],"collection":[{"href":"http:\/\/www.e-cartable.fr\/vasa-lecture\/wp-json\/wp\/v2\/pages"}],"about":[{"href":"http:\/\/www.e-cartable.fr\/vasa-lecture\/wp-json\/wp\/v2\/types\/page"}],"author":[{"embeddable":true,"href":"http:\/\/www.e-cartable.fr\/vasa-lecture\/wp-json\/wp\/v2\/users\/2"}],"replies":[{"embeddable":true,"href":"http:\/\/www.e-cartable.fr\/vasa-lecture\/wp-json\/wp\/v2\/comments?post=102"}],"version-history":[{"count":0,"href":"http:\/\/www.e-cartable.fr\/vasa-lecture\/wp-json\/wp\/v2\/pages\/102\/revisions"}],"wp:attachment":[{"href":"http:\/\/www.e-cartable.fr\/vasa-lecture\/wp-json\/wp\/v2\/media?parent=102"}],"curies":[{"name":"wp","href":"https:\/\/api.w.org\/{rel}","templated":true}]}}